{"id":384,"date":"2019-02-22T01:14:23","date_gmt":"2019-02-22T01:14:23","guid":{"rendered":""},"modified":"2024-09-24T15:07:21","modified_gmt":"2024-09-24T15:07:21","slug":"guia-de-alergias","status":"publish","type":"page","link":"https:\/\/www.clinicaportoazul.com\/gestionsegura\/guia-de-alergias\/","title":{"rendered":"Gu\u00eda de Alergias"},"content":{"rendered":"<p class=\"font_7\">El presente compendio bibliogr\u00e1fico busca que el profesional encargado de la farmacovigilancia pueda comparar la presente recopilaci\u00f3n con el evento en curso, y de esta manera se pueda descartar un evento asociado a otra situaci\u00f3n cl\u00ednica no medicamentosa.<\/p>\n<p class=\"font_7\">El objetivo fundamental es que el profesional alimente seg\u00fan cada evento presentado la presente compilaci\u00f3n.<\/p>\n<h5 class=\"font_7\"><strong>Desea alimentar la base de datos fotogr\u00e1fica?<\/strong><\/h5>\n<p style=\"background-color: #0a5295; width: 100px; padding: 10px 5px; border-radius: 10px; color: #ffffff; text-align: center; font-weight: bold;\"><a class=\"alergia\" href=\"https:\/\/www.clinicaportoazul.com\/gestionsegura\/revision-de-casos\/\">Clic Aqu\u00ed<\/a><\/p>\n<h4 class=\"font_4\"><span style=\"font-weight: bold;\">1. No relacionadas a medicamentos<\/span><\/h4>\n<p class=\"font_7\"><span style=\"font-weight: bold;\">Picadura de insecto<\/span><\/p>\n<p><a href=\"https:\/\/www.medicalnewstoday.com\/articles\/174229.php\" target=\"_blank\" rel=\"noopener noreferrer\"><img loading=\"lazy\" decoding=\"async\" src=\"https:\/\/static.wixstatic.com\/media\/4145c8_34a11ce171ee43d09d064f1f09001fd6~mv2.jpg\" alt=\"bites.jpg\" width=\"168\" height=\"168\" \/><\/a><\/p>\n<p class=\"font_7\">Los insectos suelen inyectar \u00e1cido f\u00f3rmico u otros quimicos. Esto puede provocar ampollas, inflamaci\u00f3n, enrojecimiento, hinchaz\u00f3n, dolor, picaz\u00f3n e irritaci\u00f3n. La reacci\u00f3n depende del tipo de insecto y de la sensibilidad del individuo. Las picaduras de pulgas, \u00e1caros y mosquitos tienden a causar picaz\u00f3n en lugar de dolor.<\/p>\n<p class=\"font_7\"><span style=\"font-weight: bold;\">Eritema infeccioso<\/span><\/p>\n<p><a href=\"https:\/\/www.mayoclinic.org\/es-es\/diseases-conditions\/parvovirus-infection\/symptoms-causes\/syc-20376085\" target=\"_blank\" rel=\"noopener noreferrer\"><img loading=\"lazy\" decoding=\"async\" src=\"https:\/\/static.wixstatic.com\/media\/4145c8_1be557ee89714ffda494176bdc4e9943~mv2.jpg\" alt=\"3.jpg\" width=\"162\" height=\"162\" \/><\/a><\/p>\n<p class=\"font_8\">El sarpullido aparece despu\u00e9s de varios d\u00edas y puede ser contagioso. La erupci\u00f3n cut\u00e1nea facial provoca que las mejillas se vean como si las hubieran abofeteado. Algunos de los s\u00edntomas incluyen dolor de garganta, fiebre moderada, malestar estomacal, dolor de cabeza, fatiga y comez\u00f3n.<\/p>\n<p class=\"font_7\"><span style=\"font-weight: bold;\">Herpes<\/span><\/p>\n<p><a href=\"https:\/\/www.mayoclinic.org\/es-es\/diseases-conditions\/genital-herpes\/symptoms-causes\/syc-20356161\" target=\"_blank\" rel=\"noopener noreferrer\"><img loading=\"lazy\" decoding=\"async\" src=\"https:\/\/static.wixstatic.com\/media\/4145c8_c9cd2deb2d744c4ca2cbfe87f150cd3f~mv2.jpg\" alt=\"herpes.jpg\" width=\"156\" height=\"156\" \/><\/a><\/p>\n<p class=\"font_8\">La mayor\u00eda de las personas infectadas con el virus del herpes simple no sabe que tiene la infecci\u00f3n porque no tiene signos ni s\u00edntomas o porque estos son muy leves. Cuando se manifiestan, los s\u00edntomas aparecen entre 2 y 12\u00a0d\u00edas despu\u00e9s de la exposici\u00f3n al virus. Si tienes s\u00edntomas de herpes genital<\/p>\n<p class=\"font_7\"><span style=\"font-weight: bold;\">Dermatitis Atopicas<\/span><\/p>\n<p><a href=\"https:\/\/www.aaaai.org\/conditions-and-treatments\/library\/allergy-library\/sp-eczema-atopic-dermatitis\" target=\"_blank\" rel=\"noopener noreferrer\"><img loading=\"lazy\" decoding=\"async\" src=\"https:\/\/static.wixstatic.com\/media\/4145c8_49fd26c9bf334d4197455209be0ac5c0~mv2.jpg\" alt=\"Eczemas.jpg\" width=\"182\" height=\"120\" \/><\/a><\/p>\n<p class=\"font_7\">La dermatitis at\u00f3pica (DA), tambi\u00e9n llamada eczema at\u00f3pico, es una alergia com\u00fan de la piel\u00a0 que generalmente comienza en la primera infancia. Se puede asociar con infecci\u00f3n de la piel (bacterias, hongos, c\u00e1ndida y virus). La mitad de los pacientes con DA de moderada a grave tambi\u00e9n sufren de asma, rinitis al\u00e9rgica (fiebre de heno) y alergias alimentarias.\u00a0 El s\u00edntoma principal es la picaz\u00f3n en la piel. Por lo general, la piel tambi\u00e9n est\u00e1 seca. Al rascarse, la piel se enrojece, se irrita y se engrosa.<\/p>\n<p class=\"font_8\"><span style=\"font-weight: bold;\">Escarlatina<\/span><\/p>\n<p><a href=\"https:\/\/www.tuasaude.com\/es\/escarlatina\/\" target=\"_blank\" rel=\"noopener noreferrer\"><img loading=\"lazy\" decoding=\"async\" src=\"https:\/\/static.wixstatic.com\/media\/4145c8_dc05d03083be4cb9ac24dd4f94e1d3b3~mv2.jpg\" alt=\"escarlatina.jpg\" width=\"185\" height=\"105\" \/><\/a><\/p>\n<p class=\"font_8\">El s\u00edntoma m\u00e1s caracter\u00edstico de la escarlatina es la aparici\u00f3n de manchas o ampollitas rojas en la piel que aparecen en el cuello y el tronco y que a medida que va progresando la enfermedad comienzan a aparecer en el rostro, brazos y piernas.<\/p>\n<p class=\"font_8\"><span style=\"font-weight: bold;\">Mononucleosis<\/span><\/p>\n<p><img loading=\"lazy\" decoding=\"async\" src=\"https:\/\/static.wixstatic.com\/media\/4145c8_398f041676974eafa9abaff6c1bf83c0~mv2.jpg\" alt=\"infectious-mononucleosis.jpg\" width=\"185\" height=\"185\" \/><\/p>\n<p class=\"font_8\">Enfermedad infecciosa com\u00fanmente conocida como mononucleosis o enfermedad del beso provocada por el virus Epstein-Barr.<\/p>\n<p class=\"font_8\"><span style=\"font-weight: bold;\">Sarampion<\/span><\/p>\n<p><a href=\"https:\/\/es.wikipedia.org\/wiki\/Sarampi%C3%B3n\" target=\"_blank\" rel=\"noopener noreferrer\"><img loading=\"lazy\" decoding=\"async\" src=\"https:\/\/static.wixstatic.com\/media\/4145c8_b380add152c04394ac9fc7e92f37517d~mv2.jpg\" alt=\"measles-on-infant.jpg\" width=\"193\" height=\"193\" \/><\/a><\/p>\n<p class=\"font_8\">Es una enfermedad infecciosa exantem\u00e1tica como la rubeola o la varicela, bastante frecuente, especialmente en ni\u00f1os, causada por un virus, espec\u00edficamente de la Familia paramyxoviridae del g\u00e9nero Morbillivirus. Se caracteriza por las t\u00edpicas manchas en la piel de color rojo o aveces tambi\u00e9n negro depende del lugar en Que se encuentre (exantema), as\u00ed como la fiebre y un estado general debilitado<\/p>\n<p class=\"font_7\"><span style=\"font-weight: bold;\">Picadura de pulga<\/span><\/p>\n<p><a href=\"https:\/\/www.medicalnewstoday.com\/articles\/311941.php\" target=\"_blank\" rel=\"noopener noreferrer\"><img loading=\"lazy\" decoding=\"async\" src=\"https:\/\/static.wixstatic.com\/media\/4145c8_c4de3bbd1be14aa59aef30699af99dee~mv2.jpg\" alt=\"pulga.jpg\" width=\"185\" height=\"185\" \/><\/a><\/p>\n<p class=\"font_7\">Los ni\u00f1os peque\u00f1os y las personas al\u00e9rgicas pueden tener una mala reacci\u00f3n. Esto puede incluir hinchaz\u00f3n y picaz\u00f3n. La piel puede irritarse y doler alrededor de la mordedura, y en ocasiones aparece urticaria y una erupci\u00f3n. Rascarse la mordedura puede causar una infecci\u00f3n secundaria.<\/p>\n<p class=\"font_7\"><span style=\"font-weight: bold;\">Imp\u00e9tigo<\/span><\/p>\n<p><a href=\"https:\/\/medlineplus.gov\/spanish\/impetigo.html\" target=\"_blank\" rel=\"noopener noreferrer\"><img loading=\"lazy\" decoding=\"async\" src=\"https:\/\/static.wixstatic.com\/media\/4145c8_b11fd79a18974af2a39d61fe6e177492~mv2.png\" alt=\"ImpetigoII.png\" width=\"168\" height=\"168\" \/><\/a><\/p>\n<p class=\"font_7\">El imp\u00e9tigo es una infecci\u00f3n de la piel. Generalmente, es causada por la bacteria\u00a0<a href=\"https:\/\/medlineplus.gov\/spanish\/staphylococcalinfections.html\" target=\"_blank\" rel=\"noopener noreferrer\">estafilococo<\/a>\u00a0pero algunas veces el\u00a0<a href=\"https:\/\/medlineplus.gov\/spanish\/streptococcalinfections.html\" target=\"_blank\" rel=\"noopener noreferrer\">estreptococo<\/a>\u00a0tambi\u00e9n puede causarla. Es m\u00e1s com\u00fan en los ni\u00f1os entre dos y seis a\u00f1os. Suele comenzar cuando las bacterias entran por una grieta de la piel, como una cortadura, rasgu\u00f1o o picadura de un insecto.<\/p>\n<p class=\"font_7\"><span style=\"font-weight: bold;\">Sarna<\/span><\/p>\n<p><a href=\"https:\/\/www.medicalnewstoday.com\/articles\/16961.php\" target=\"_blank\" rel=\"noopener noreferrer\"><img loading=\"lazy\" decoding=\"async\" src=\"https:\/\/static.wixstatic.com\/media\/4145c8_1808d81174c945c89b4f5a5ed9452a0e~mv2.jpg\" alt=\"sarna.jpg\" width=\"162\" height=\"162\" \/><\/a><\/p>\n<p class=\"font_7\">La sarna humana es una enfermedad de la piel\u00a0causada por el \u00e1caro\u00a0Sarcoptes Scabiei,\u00a0que infecta la piel y provoca s\u00edntomas como picaz\u00f3n intensa y enrojecimiento. La sarna es llamada cient\u00edficamente escabiosis, siendo una ectoparasitosis altamente contagiosa\u00a0entre personas de la misma familia por compartir ropa,\u00a0s\u00e1banas o toallas<\/p>\n<p class=\"font_7\"><span style=\"font-weight: bold;\">Fiebre del heno<\/span><\/p>\n<p><a href=\"https:\/\/www.medicalnewstoday.com\/articles\/160665.php\" target=\"_blank\" rel=\"noopener noreferrer\"><img loading=\"lazy\" decoding=\"async\" src=\"https:\/\/static.wixstatic.com\/media\/4145c8_c432f904f4d84dd89643f537bd69186c~mv2.jpg\" alt=\"hives-from-hay-fever.jpg\" width=\"170\" height=\"170\" \/><\/a><\/p>\n<p class=\"font_7\">La fiebre del heno, o rinitis al\u00e9rgica, es una condici\u00f3n com\u00fan con s\u00edntomas similares a los de un resfriado. Puede haber estornudos, congesti\u00f3n, secreci\u00f3n nasal y presi\u00f3n sinusal. Es causada por una respuesta al\u00e9rgica a sustancias transportadas por el aire, como el polen. La \u00e9poca del a\u00f1o en que ocurre depende de a qu\u00e9 sustancia o al\u00e9rgeno reacciona la persona.<\/p>\n<p class=\"font_8\"><span style=\"font-weight: bold;\">Fiebre Reumatica<\/span><\/p>\n<p><a href=\"https:\/\/www.texasheart.org\/heart-health\/heart-information-center\/topics\/fiebre-reumatica\/\" target=\"_blank\" rel=\"noopener noreferrer\"><img loading=\"lazy\" decoding=\"async\" src=\"https:\/\/static.wixstatic.com\/media\/4145c8_4a1af309b00e42d2a5832c6d7e8b1828~mv2.jpg\" alt=\"rheumatic-fever-rash.jpg\" width=\"170\" height=\"170\" \/><\/a><\/p>\n<p class=\"font_8\">La fiebre reum\u00e1tica es una reacci\u00f3n inflamatoria que puede desarrollarse como una complicaci\u00f3n de una infecci\u00f3n estreptoc\u00f3cica del grupo A, como la faringitis estreptoc\u00f3cica o la escarlatina. Ocurre cuando la infecci\u00f3n no ha sido tratada o no se ha tratado.<\/p>\n<p class=\"font_8\"><span style=\"font-weight: bold;\">Ti\u00f1a<\/span><\/p>\n<p><a href=\"https:\/\/www.mayoclinic.org\/es-es\/diseases-conditions\/ringworm-body\/symptoms-causes\/syc-20353780\" target=\"_blank\" rel=\"noopener noreferrer\"><img loading=\"lazy\" decoding=\"async\" src=\"https:\/\/static.wixstatic.com\/media\/4145c8_d02e3c62f00345559ff257575fd3a7be~mv2.jpg\" alt=\"ringworm-rash.jpg\" width=\"170\" height=\"170\" \/><\/a><\/p>\n<p class=\"font_8\">La ti\u00f1a corporal es una infecci\u00f3n f\u00fangica que se desarrolla en la capa superior de la piel. Se caracteriza por una erupci\u00f3n cut\u00e1nea circular de color rojo que presenta piel m\u00e1s clara en el medio<\/p>\n<p class=\"font_8\"><span style=\"font-weight: bold;\">Candidiasis<\/span><\/p>\n<p><a href=\"https:\/\/medlineplus.gov\/spanish\/ency\/article\/000880.htm\" target=\"_blank\" rel=\"noopener noreferrer\"><img loading=\"lazy\" decoding=\"async\" src=\"https:\/\/static.wixstatic.com\/media\/4145c8_64340da366034f6b909a1a6bc397d7b7~mv2.jpg\" alt=\"candidiasis.jpg\" width=\"170\" height=\"170\" \/><\/a><\/p>\n<p class=\"font_8\">Las infecciones por c\u00e1ndida suelen ocurrir en \u00e1reas expuestas a la humedad durante per\u00edodos de tiempo prolongados. Uno de los s\u00edntomas es la aparici\u00f3n de un sarpullido rojo. Las \u00e1reas afectadas m\u00e1s comunes son la piel entre los dedos de las manos y los pies, la piel alrededor de las u\u00f1as de las manos y los pies, y la ingle.<\/p>\n<p class=\"font_7\"><span style=\"font-weight: bold;\">Dermatitis por estasis (Eczema varicoso).<\/span><\/p>\n<p><a href=\"https:\/\/nationaleczema.org\/eczema\/types-of-eczema\/stasis-dermatitis\/\" target=\"_blank\" rel=\"noopener noreferrer\"><img loading=\"lazy\" decoding=\"async\" src=\"https:\/\/static.wixstatic.com\/media\/4145c8_a2c552bfb21547a0b1877aa356f168e9~mv2.jpg\" alt=\"stasis-dermatitis-on-legs.jpg\" width=\"187\" height=\"187\" \/><\/a><br \/>\nLa dermatitis por estasis se produce por la acumulaci\u00f3n de l\u00edquidos debido a venas varicosas, problemas de circulaci\u00f3n o enfermedades card\u00edacas. Los s\u00edntomas incluyen decoloraci\u00f3n de la piel en los tobillos o las espinillas, comez\u00f3n, engrosamiento de la piel y llagas abiertas (\u00falceras).<\/p>\n<p><strong>2. Asociados a Medicamentos<\/strong><br \/>\n<strong>2.1 Azul de Patente<br \/>\n<\/strong><br \/>\n<a href=\"http:\/\/www.scielo.br\/scielo.php?script=sci_arttext&amp;pid=S0034-70942016000400433\" target=\"_blank\" rel=\"noopener noreferrer\"><img loading=\"lazy\" decoding=\"async\" class=\"wp-image-478 size-medium alignnone\" src=\"https:\/\/www.clinicaportoazul.com\/gestionsegura\/wp-content\/uploads\/2019\/04\/azul-patente-238x300.png\" alt=\"\" width=\"238\" height=\"300\" srcset=\"https:\/\/www.clinicaportoazul.com\/gestionsegura\/wp-content\/uploads\/2019\/04\/azul-patente-238x300.png 238w, https:\/\/www.clinicaportoazul.com\/gestionsegura\/wp-content\/uploads\/2019\/04\/azul-patente.png 490w\" sizes=\"auto, (max-width: 238px) 100vw, 238px\" \/><\/a><\/p>\n<p>Indicaci\u00f3n: Identificaci\u00f3n de ganglios linf\u00e1ticos centinela<br \/>\nTipo de hipersensibilidad: II<br \/>\nVia de Administracion: SC, IL<\/p>\n<p>Caracteristicas: \u00a0Se observa durante la anestesia y pueden ir desde cambios en la piel hasta depresi\u00f3n cardiovascular grave y prolongada y requieren ingreso en la unidad de cuidados intensivos y apoyo cardiovascular. Existen 3 grados de manifestaci\u00f3n del evento, grado I (69-87%), caracterizado por urticaria de color azul, prurito y rasch\u00f3n general; grado II (3,2-8%), caracterizado por hipotensi\u00f3n (presi\u00f3n arterial sist\u00f3lica &lt;70 mmHg) sin necesidad de vasopresor, y ausencia de broncoespasmo y laringoespasmo; grado III (1.1%), caracterizado por un colapso cardiovascular grave que requiere vasopresor.<\/p>\n<p><strong>2.2 Penicilinas y Otros B-Lactamicos<\/strong><\/p>\n<p><a href=\"https:\/\/www.ncbi.nlm.nih.gov\/pmc\/articles\/PMC4210656\/\" target=\"_blank\" rel=\"noopener noreferrer\"><img loading=\"lazy\" decoding=\"async\" class=\"wp-image-479 size-medium alignnone\" src=\"https:\/\/www.clinicaportoazul.com\/gestionsegura\/wp-content\/uploads\/2019\/04\/Penisilina-300x209.jpg\" alt=\"\" width=\"300\" height=\"209\" srcset=\"https:\/\/www.clinicaportoazul.com\/gestionsegura\/wp-content\/uploads\/2019\/04\/Penisilina-300x209.jpg 300w, https:\/\/www.clinicaportoazul.com\/gestionsegura\/wp-content\/uploads\/2019\/04\/Penisilina.jpg 758w\" sizes=\"auto, (max-width: 300px) 100vw, 300px\" \/><\/a><\/p>\n<p>Indicaci\u00f3n: Antibi\u00f3ticos<br \/>\nTipo de hipersensibilidad: I, II y III<br \/>\nV\u00eda de administraci\u00f3n: IM, IV, VO<br \/>\nTipos: Exantemas, urticaria, eritrodermia, Stevens johnsons, necrosis epid\u00e9rmica toxica, psoriasis postular y enfermedad del suero<\/p>\n<p>Caracter\u00edsticas: Las reacciones de tipo inmediato incluyen prurito extenso (especialmente en las superficies palmoplantar y del cuero cabelludo), as\u00ed como un enrojecimiento en la cara con conjuntivitis y rinitis Eritrodermia, dolor, p\u00farpura, hemorragia, necrosis y estomatitis erosiva. Tales descriptores detallados. De manera similar, la gran mayor\u00eda (92.4%) de los pacientes con anafilaxia reportada a la penicilina no tuvieron detalles de la reacci\u00f3n anafil\u00e1ctica.<\/p>\n<p><strong>Dipirona &#8211; Aines<\/strong><\/p>\n<p><a href=\"http:\/\/www.scielo.org.co\/scielo.php?script=sci_arttext&amp;pid=S0120-41572009000200003\" target=\"_blank\" rel=\"noopener noreferrer\"><img loading=\"lazy\" decoding=\"async\" class=\"size-full wp-image-480 alignnone\" src=\"https:\/\/www.clinicaportoazul.com\/gestionsegura\/wp-content\/uploads\/2019\/04\/dipirona-aines.png\" alt=\"\" width=\"319\" height=\"322\" srcset=\"https:\/\/www.clinicaportoazul.com\/gestionsegura\/wp-content\/uploads\/2019\/04\/dipirona-aines.png 319w, https:\/\/www.clinicaportoazul.com\/gestionsegura\/wp-content\/uploads\/2019\/04\/dipirona-aines-150x150.png 150w, https:\/\/www.clinicaportoazul.com\/gestionsegura\/wp-content\/uploads\/2019\/04\/dipirona-aines-297x300.png 297w\" sizes=\"auto, (max-width: 319px) 100vw, 319px\" \/><\/a><\/p>\n<p>Indicaci\u00f3n: Analg\u00e9sico y antipir\u00e9tico<br \/>\nTipo de hipersensibilidad: I y II<br \/>\nV\u00eda de administraci\u00f3n: VO y IV<br \/>\nTipos: Angioedemas, Fototoxia, Fotoalergia, Exantema, Stevens johnsons y necrosis epid\u00e9rmica toxica.<\/p>\n<p>Caracter\u00edsticas: La intolerancia al \u00e1cido acetilsalic\u00edlico o los AINE, definida como las reacciones cut\u00e1neas (urticaria, angioedema o ambas) o respiratorias (rinitis, broncoespasmo o ambas) que se presentan tras la administraci\u00f3n de dos o m\u00e1s AINE de grupo qu\u00edmico diferente, ocurre en 2% a 23% de los pacientes asm\u00e1ticos, seg\u00fan sea la poblaci\u00f3n estudiada y el m\u00e9todo diagn\u00f3stico utilizado, en 14% a 22% de los casos de poliposis nasal y tan s\u00f3lo en 0,7% a 1,4% de los de rinitis no al\u00e9rgica.<\/p>\n<p>En pacientes con asma grave y poliposis nasal, la incidencia de intolerancia a ASA o AINE puede llegar a 78%, mientras que las urticarias inducidas por AINE se deben a un fen\u00f3meno de intolerancia en 75% de los casos. En estos casos se habla de hipersensibilidad cruzada. Por otro lado, cuando un paciente ha presentado una o m\u00e1s reacciones a un antiinflamatorio no esteroideo AINE en particular o a uno del mismo grupo qu\u00edmico, se habla de hipersensibilidad simple. Estas reacciones se han atribuido a una verdadera reacci\u00f3n al\u00e9rgica, en la cual la sensibilizaci\u00f3n inicial es esencial.<\/p>\n","protected":false},"excerpt":{"rendered":"<p>El presente compendio bibliogr\u00e1fico busca que el profesional encargado de la farmacovigilancia pueda comparar la presente recopilaci\u00f3n con el evento&hellip;<\/p>\n","protected":false},"author":1,"featured_media":429,"parent":0,"menu_order":0,"comment_status":"closed","ping_status":"closed","template":"","meta":{"footnotes":""},"class_list":["post-384","page","type-page","status-publish","has-post-thumbnail","hentry"],"_links":{"self":[{"href":"https:\/\/www.clinicaportoazul.com\/gestionsegura\/wp-json\/wp\/v2\/pages\/384","targetHints":{"allow":["GET"]}}],"collection":[{"href":"https:\/\/www.clinicaportoazul.com\/gestionsegura\/wp-json\/wp\/v2\/pages"}],"about":[{"href":"https:\/\/www.clinicaportoazul.com\/gestionsegura\/wp-json\/wp\/v2\/types\/page"}],"author":[{"embeddable":true,"href":"https:\/\/www.clinicaportoazul.com\/gestionsegura\/wp-json\/wp\/v2\/users\/1"}],"replies":[{"embeddable":true,"href":"https:\/\/www.clinicaportoazul.com\/gestionsegura\/wp-json\/wp\/v2\/comments?post=384"}],"version-history":[{"count":37,"href":"https:\/\/www.clinicaportoazul.com\/gestionsegura\/wp-json\/wp\/v2\/pages\/384\/revisions"}],"predecessor-version":[{"id":1132,"href":"https:\/\/www.clinicaportoazul.com\/gestionsegura\/wp-json\/wp\/v2\/pages\/384\/revisions\/1132"}],"wp:featuredmedia":[{"embeddable":true,"href":"https:\/\/www.clinicaportoazul.com\/gestionsegura\/wp-json\/wp\/v2\/media\/429"}],"wp:attachment":[{"href":"https:\/\/www.clinicaportoazul.com\/gestionsegura\/wp-json\/wp\/v2\/media?parent=384"}],"curies":[{"name":"wp","href":"https:\/\/api.w.org\/{rel}","templated":true}]}}